{"id":3,"date":"2021-06-09T10:39:44","date_gmt":"2021-06-09T02:39:44","guid":{"rendered":"http:\/\/www.invidia-textile.com\/?page_id=3"},"modified":"2025-10-20T12:40:05","modified_gmt":"2025-10-20T04:40:05","slug":"privacy-policy","status":"publish","type":"page","link":"https:\/\/www.invidia-textile.com\/de\/privacy-policy\/","title":{"rendered":"Datenschutzerkl\u00e4rung"},"content":{"rendered":"<p>INVIDIA Textile Clothing Co., LTD, ist ein integriertes Unternehmen, das Herstellung und Bekleidungsexport in Hangzhou City, Provinz Zhejiang verarbeitet. Wir spezialisieren uns auf M\u00e4nner\/Frauen\/Kinder&#8217; gewebt schwere, super leichte und funktionelle Outwear, Rainwears.with unten oder Poly (Recycle) F\u00fcllung mit Arten von Schalenstoffen in Recycle, Umweltfreundliche \/ Recycle-Beendigung und mit beschichtet oder naht-taped. Unsere Fabrik hat die ISO-, BSCI-, INTERTEK-, SEDEX- und WRAP-Zertifizierungen, um den Qualit\u00e4tsstandard zu gew\u00e4hrleisten, um den verschiedenen Standard der K\u00e4ufer zu erf\u00fcllen.<\/p>\n<p>Mit einem systemgetriebenen Managementkonzept, strenger Qualit\u00e4tskontrolle und Qualit\u00e4tssicherungssystem, gut organisierter Logistik haben wir gro\u00dfe Fortschritte erzielt, dass wir bereits unser eigenes Entwicklungsdesign- \/ Beschaffungsteam, Probenzentrum, H\u00e4ndler- und Inspektionsteam gebaut haben und den besten Service, hohe Qualit\u00e4t mit wettbewerbsf\u00e4higem Preis f\u00fcr Sie bereitgestellt haben. Das Unternehmen will diese erfolgreiche Strategie auch in Zukunft verfolgen.<\/p>","protected":false},"excerpt":{"rendered":"<p>INVIDIA Textile Clothing Co., LTD, ist ein integriertes Unternehmen, das Herstellung und Bekleidungsexport in Hangzhou City, Provinz Zhejiang verarbeitet. Wir spezialisieren uns auf M\u00e4nner\/Frauen\/Kinder&#8217; gewebt schwere, super leichte und funktionelle Outwear, Rainwears.with unten oder Poly (Recycle) F\u00fcllung mit Arten von Schalenstoffen in Recycle, Umweltfreundliche \/ Recycle-Beendigung und mit beschichtet oder naht-taped. Unser [&hellip;]<\/p>","protected":false},"author":1,"featured_media":0,"parent":0,"menu_order":14,"comment_status":"closed","ping_status":"open","template":"PrivPolicy.php","meta":{"footnotes":""},"class_list":["post-3","page","type-page","status-publish","hentry"],"_links":{"self":[{"href":"https:\/\/www.invidia-textile.com\/de\/wp-json\/wp\/v2\/pages\/3","targetHints":{"allow":["GET"]}}],"collection":[{"href":"https:\/\/www.invidia-textile.com\/de\/wp-json\/wp\/v2\/pages"}],"about":[{"href":"https:\/\/www.invidia-textile.com\/de\/wp-json\/wp\/v2\/types\/page"}],"author":[{"embeddable":true,"href":"https:\/\/www.invidia-textile.com\/de\/wp-json\/wp\/v2\/users\/1"}],"replies":[{"embeddable":true,"href":"https:\/\/www.invidia-textile.com\/de\/wp-json\/wp\/v2\/comments?post=3"}],"version-history":[{"count":8,"href":"https:\/\/www.invidia-textile.com\/de\/wp-json\/wp\/v2\/pages\/3\/revisions"}],"predecessor-version":[{"id":4332,"href":"https:\/\/www.invidia-textile.com\/de\/wp-json\/wp\/v2\/pages\/3\/revisions\/4332"}],"wp:attachment":[{"href":"https:\/\/www.invidia-textile.com\/de\/wp-json\/wp\/v2\/media?parent=3"}],"curies":[{"name":"WP","href":"https:\/\/api.w.org\/{rel}","templated":true}]}}