{"id":3,"date":"2021-06-09T10:39:44","date_gmt":"2021-06-09T02:39:44","guid":{"rendered":"http:\/\/www.invidia-textile.com\/?page_id=3"},"modified":"2025-10-20T12:40:05","modified_gmt":"2025-10-20T04:40:05","slug":"privacy-policy","status":"publish","type":"page","link":"https:\/\/www.invidia-textile.com\/fi\/privacy-policy\/","title":{"rendered":"Tietosuojak\u00e4yt\u00e4nt\u00f6"},"content":{"rendered":"<p>INVIDIA Textile Clothing Co., LTD, on integroitu yritys, joka k\u00e4sittelee valmistusta ja vaatteiden vienti\u00e4 Hangzhou City, Zhejiang Province. Olemme erikoistuneet miehille \/ naisille \/ lapsille &#8217; kudottu raskas, super kevyt ja toiminnallinen ulkovaatteet, sadevaatteet.with alas tai poly (kierr\u00e4tys) t\u00e4ytt\u00f6 erilaisia \u200b\u200bkuori kankaita kierr\u00e4tys, ymp\u00e4rist\u00f6yst\u00e4v\u00e4llinen \/ kierr\u00e4tys viimeistely ja p\u00e4\u00e4llystetty tai sauma-taped. Tehtaallamme on ISO, BSCI, INTERTEK, SEDEX ja WRAP-sertifikaatit, joilla varmistetaan laatustandardi ostajien eri standardien t\u00e4ytt\u00e4miseksi.<\/p>\n<p>J\u00e4rjestelm\u00e4pohjainen johtamiskonsepti, tiukka laadunvalvonta ja laadunvarmistusj\u00e4rjestelm\u00e4, hyvin j\u00e4rjestetty logistiikka, olemme saavuttaneet suuren edistyksen, ett\u00e4 olemme jo rakentaneet oman kehityssuunnittelu \/ hankintatiimimme, n\u00e4ytekeskuksen, kauppiaan ja tarkastusryhm\u00e4n, ja olemme tarjonneet parhaan palvelun, korkealaatuisen kilpailukykyisen hinnan sinulle. Yritys aikoo jatkaa t\u00e4t\u00e4 voittavaa strategiaa my\u00f6s tulevaisuudessa.<\/p>","protected":false},"excerpt":{"rendered":"<p>INVIDIA Textile Clothing Co., LTD, on integroitu yritys, joka k\u00e4sittelee valmistusta ja vaatteiden vienti\u00e4 Hangzhou City, Zhejiang Province. Olemme erikoistuneet miehille \/ naisille \/ lapsille &#8217; kudottu raskas, super kevyt ja toiminnallinen ulkovaatteet, sadevaatteet.with alas tai poly (kierr\u00e4tys) t\u00e4ytt\u00f6 erilaisia \u200b\u200bkuori kankaita kierr\u00e4tys, ymp\u00e4rist\u00f6yst\u00e4v\u00e4llinen \/ kierr\u00e4tys viimeistely ja p\u00e4\u00e4llystetty tai sauma-taped. Meid\u00e4n [&hellip;]<\/p>","protected":false},"author":1,"featured_media":0,"parent":0,"menu_order":14,"comment_status":"closed","ping_status":"open","template":"PrivPolicy.php","meta":{"footnotes":""},"class_list":["post-3","page","type-page","status-publish","hentry"],"_links":{"self":[{"href":"https:\/\/www.invidia-textile.com\/fi\/wp-json\/wp\/v2\/pages\/3","targetHints":{"allow":["GET"]}}],"collection":[{"href":"https:\/\/www.invidia-textile.com\/fi\/wp-json\/wp\/v2\/pages"}],"about":[{"href":"https:\/\/www.invidia-textile.com\/fi\/wp-json\/wp\/v2\/types\/page"}],"author":[{"embeddable":true,"href":"https:\/\/www.invidia-textile.com\/fi\/wp-json\/wp\/v2\/users\/1"}],"replies":[{"embeddable":true,"href":"https:\/\/www.invidia-textile.com\/fi\/wp-json\/wp\/v2\/comments?post=3"}],"version-history":[{"count":8,"href":"https:\/\/www.invidia-textile.com\/fi\/wp-json\/wp\/v2\/pages\/3\/revisions"}],"predecessor-version":[{"id":4332,"href":"https:\/\/www.invidia-textile.com\/fi\/wp-json\/wp\/v2\/pages\/3\/revisions\/4332"}],"wp:attachment":[{"href":"https:\/\/www.invidia-textile.com\/fi\/wp-json\/wp\/v2\/media?parent=3"}],"curies":[{"name":"WP:n","href":"https:\/\/api.w.org\/{rel}","templated":true}]}}