{"id":3,"date":"2021-06-09T10:39:44","date_gmt":"2021-06-09T02:39:44","guid":{"rendered":"http:\/\/www.invidia-textile.com\/?page_id=3"},"modified":"2025-10-20T12:40:05","modified_gmt":"2025-10-20T04:40:05","slug":"privacy-policy","status":"publish","type":"page","link":"https:\/\/www.invidia-textile.com\/fr\/privacy-policy\/","title":{"rendered":"Politique de confidentialit\u00e9"},"content":{"rendered":"<p>INVIDIA Textile Clothing Co., LTD, est une soci\u00e9t\u00e9 int\u00e9gr\u00e9e qui manipule la fabrication et l'exportation de v\u00eatements dans la ville de Hangzhou, province du Zhejiang. Nous nous sp\u00e9cialisons en hommes\/femmes\/enfants&#8217; tiss\u00e9 lourd, super l\u00e9ger et fonctionnel outwears, rainwears.with en bas ou poly (recycler) remplissage avec des sortes de tissus de coquille dans recycler, ECO friendly\/Recycle finition et avec rev\u00eatu ou couture-adh\u00e9sif. Notre usine a les certifications ISO, BSCI, INTERTEK, SEDEX et WRAP pour assurer la norme de qualit\u00e9 pour r\u00e9pondre aux diff\u00e9rentes normes des acheteurs.<\/p>\n<p>Avec un concept de gestion ax\u00e9 sur le syst\u00e8me, un syst\u00e8me strict de contr\u00f4le de la qualit\u00e9 et d'assurance de la qualit\u00e9, une logistique bien organis\u00e9e, nous avons r\u00e9alis\u00e9 de grands progr\u00e8s que nous avons d\u00e9j\u00e0 construit notre propre \u00e9quipe de conception \/ approvisionnement de d\u00e9veloppement, centre d'\u00e9chantillon, \u00e9quipe de marchands et d'inspection, et avons fourni le meilleur service, haute qualit\u00e9 avec un prix comp\u00e9titif pour le v\u00f4tre. L'entreprise a l'intention de poursuivre cette strat\u00e9gie gagnante \u00e0 l'avenir aussi.<\/p>","protected":false},"excerpt":{"rendered":"<p>INVIDIA Textile Clothing Co., LTD, est une soci\u00e9t\u00e9 int\u00e9gr\u00e9e qui manipule la fabrication et l'exportation de v\u00eatements dans la ville de Hangzhou, province du Zhejiang. Nous nous sp\u00e9cialisons en hommes\/femmes\/enfants&#8217; tiss\u00e9 lourd, super l\u00e9ger et fonctionnel outwears, rainwears.with en bas ou poly (recycler) remplissage avec des sortes de tissus de coquille dans recycler, ECO friendly\/Recycle finition et avec rev\u00eatu ou couture-adh\u00e9sif. Notre [&hellip;]<\/p>","protected":false},"author":1,"featured_media":0,"parent":0,"menu_order":14,"comment_status":"closed","ping_status":"open","template":"PrivPolicy.php","meta":{"footnotes":""},"class_list":["post-3","page","type-page","status-publish","hentry"],"_links":{"self":[{"href":"https:\/\/www.invidia-textile.com\/fr\/wp-json\/wp\/v2\/pages\/3","targetHints":{"allow":["GET"]}}],"collection":[{"href":"https:\/\/www.invidia-textile.com\/fr\/wp-json\/wp\/v2\/pages"}],"about":[{"href":"https:\/\/www.invidia-textile.com\/fr\/wp-json\/wp\/v2\/types\/page"}],"author":[{"embeddable":true,"href":"https:\/\/www.invidia-textile.com\/fr\/wp-json\/wp\/v2\/users\/1"}],"replies":[{"embeddable":true,"href":"https:\/\/www.invidia-textile.com\/fr\/wp-json\/wp\/v2\/comments?post=3"}],"version-history":[{"count":8,"href":"https:\/\/www.invidia-textile.com\/fr\/wp-json\/wp\/v2\/pages\/3\/revisions"}],"predecessor-version":[{"id":4332,"href":"https:\/\/www.invidia-textile.com\/fr\/wp-json\/wp\/v2\/pages\/3\/revisions\/4332"}],"wp:attachment":[{"href":"https:\/\/www.invidia-textile.com\/fr\/wp-json\/wp\/v2\/media?parent=3"}],"curies":[{"name":"WP","href":"https:\/\/api.w.org\/{rel}","templated":true}]}}