{"id":3,"date":"2021-06-09T10:39:44","date_gmt":"2021-06-09T02:39:44","guid":{"rendered":"http:\/\/www.invidia-textile.com\/?page_id=3"},"modified":"2025-10-20T12:40:05","modified_gmt":"2025-10-20T04:40:05","slug":"privacy-policy","status":"publish","type":"page","link":"https:\/\/www.invidia-textile.com\/it\/privacy-policy\/","title":{"rendered":"Informativa sulla privacy"},"content":{"rendered":"<p>INVIDIA Textile Clothing Co., LTD, \u00e8 una societ\u00e0 integrata che gestisce la fabbricazione e l'esportazione di abbigliamento nella citt\u00e0 di Hangzhou, nella provincia di Zhejiang. Siamo specializzati in uomini\/donne\/bambini&#8217; tessuto pesante, super leggero e funzionale outwears, rainwears.with gi\u00f9 o poli (riciclo) riempimento con tipi di tessuti di conchiglia nel riciclo, ECO amichevole\/riciclo finitura e con rivestito o custura-nastro. La nostra fabbrica ha le certificazioni ISO, BSCI, INTERTEK, SEDEX e WRAP per assicurare lo standard di qualit\u00e0 per soddisfare il diverso standard degli acquirenti.<\/p>\n<p>Con un concetto di gestione guidato dal sistema, rigoroso controllo di qualit\u00e0 e sistema di garanzia della qualit\u00e0, logistica ben organizzata, abbiamo raggiunto grandi progressi che abbiamo gi\u00e0 costruito il nostro team di progettazione \/ approvvigionamento dello sviluppo, centro campione, commerciante e team di ispezione, e abbiamo fornito il miglior servizio, alta qualit\u00e0 con prezzo competitivo al tuo. La societ\u00e0 intende perseguire questa strategia vincente anche in futuro.<\/p>","protected":false},"excerpt":{"rendered":"<p>INVIDIA Textile Clothing Co., LTD, \u00e8 una societ\u00e0 integrata che gestisce la fabbricazione e l'esportazione di abbigliamento nella citt\u00e0 di Hangzhou, nella provincia di Zhejiang. Siamo specializzati in uomini\/donne\/bambini&#8217; tessuto pesante, super leggero e funzionale outwears, rainwears.with gi\u00f9 o poli (riciclo) riempimento con tipi di tessuti di conchiglia nel riciclo, ECO amichevole\/riciclo finitura e con rivestito o custura-nastro. Il nostro [&hellip;]<\/p>","protected":false},"author":1,"featured_media":0,"parent":0,"menu_order":14,"comment_status":"closed","ping_status":"open","template":"PrivPolicy.php","meta":{"footnotes":""},"class_list":["post-3","page","type-page","status-publish","hentry"],"_links":{"self":[{"href":"https:\/\/www.invidia-textile.com\/it\/wp-json\/wp\/v2\/pages\/3","targetHints":{"allow":["GET"]}}],"collection":[{"href":"https:\/\/www.invidia-textile.com\/it\/wp-json\/wp\/v2\/pages"}],"about":[{"href":"https:\/\/www.invidia-textile.com\/it\/wp-json\/wp\/v2\/types\/page"}],"author":[{"embeddable":true,"href":"https:\/\/www.invidia-textile.com\/it\/wp-json\/wp\/v2\/users\/1"}],"replies":[{"embeddable":true,"href":"https:\/\/www.invidia-textile.com\/it\/wp-json\/wp\/v2\/comments?post=3"}],"version-history":[{"count":8,"href":"https:\/\/www.invidia-textile.com\/it\/wp-json\/wp\/v2\/pages\/3\/revisions"}],"predecessor-version":[{"id":4332,"href":"https:\/\/www.invidia-textile.com\/it\/wp-json\/wp\/v2\/pages\/3\/revisions\/4332"}],"wp:attachment":[{"href":"https:\/\/www.invidia-textile.com\/it\/wp-json\/wp\/v2\/media?parent=3"}],"curies":[{"name":"WP","href":"https:\/\/api.w.org\/{rel}","templated":true}]}}