{"id":3,"date":"2021-06-09T10:39:44","date_gmt":"2021-06-09T02:39:44","guid":{"rendered":"http:\/\/www.invidia-textile.com\/?page_id=3"},"modified":"2025-10-20T12:40:05","modified_gmt":"2025-10-20T04:40:05","slug":"privacy-policy","status":"publish","type":"page","link":"https:\/\/www.invidia-textile.com\/nn\/privacy-policy\/","title":{"rendered":"Privatspolitikk"},"content":{"rendered":"<p>INVIDIA Textile Clothing Co.,LTD, er eit intergrert selskap som handterar produksjon og Apparel-eksporter i Hangzhou City, Zhejiang-provinsen. Vi spesialiserer i menn\/kvinner\/barn &#8217; \u00d8vre kraftige, super lyse og funksjonelle utvala, regnev\u00e6r. med nedover eller poly ( rekyclering ) som fyller med slags skalfabrikk i rekyclering , ECO-venn\/rekycleringsferdiging og med coated or seam-taped. Fabrikken v\u00e5rt har ISO, BSCI, INTERTEK, SEDEX og WRAP-sertifikat for \u00e5 sikre p\u00e5 kvalitetstandarden for \u00e5 oppfylle dei ulike kj\u00f8pper standard.<\/p>\n<p>Med eit systemstyring-konsept, strikt kvalitetkontroll og kvalitetsverking-systemet, godt organiserte logistikk, har vi n\u00e5dd stor framgang som vi allereie har bygget v\u00e5r eige utviklingsstyrke\/kj\u00f8ringsgruppe, pr\u00f8vesentrum, merchandisergruppe og inspeksjonsgruppe, og har v\u00e6rt tilbygd beste teneste, h\u00f8g kvalitet med konkurrentiv pris til dine. Samfunnet vil f\u00f8lgja denne vinnende strategien i framtiden ogs\u00e5 .<\/p>","protected":false},"excerpt":{"rendered":"<p>INVIDIA Textile Clothing Co.,LTD, er eit intergrert selskap som handterar produksjon og Apparel-eksporter i Hangzhou City, Zhejiang-provinsen. Vi spesialiserer i menn\/kvinner\/barn &#8217; \u00d8vre kraftige, super lyse og funksjonelle utvala, regnev\u00e6r. med nedover eller poly ( rekyclering ) som fyller med slags skalfabrikk i rekyclering , ECO-venn\/rekycleringsferdiging og med coated or seam-taped. V\u00e5rt [&hellip;]<\/p>","protected":false},"author":1,"featured_media":0,"parent":0,"menu_order":14,"comment_status":"closed","ping_status":"open","template":"PrivPolicy.php","meta":{"footnotes":""},"class_list":["post-3","page","type-page","status-publish","hentry"],"_links":{"self":[{"href":"https:\/\/www.invidia-textile.com\/nn\/wp-json\/wp\/v2\/pages\/3","targetHints":{"allow":["GET"]}}],"collection":[{"href":"https:\/\/www.invidia-textile.com\/nn\/wp-json\/wp\/v2\/pages"}],"about":[{"href":"https:\/\/www.invidia-textile.com\/nn\/wp-json\/wp\/v2\/types\/page"}],"author":[{"embeddable":true,"href":"https:\/\/www.invidia-textile.com\/nn\/wp-json\/wp\/v2\/users\/1"}],"replies":[{"embeddable":true,"href":"https:\/\/www.invidia-textile.com\/nn\/wp-json\/wp\/v2\/comments?post=3"}],"version-history":[{"count":8,"href":"https:\/\/www.invidia-textile.com\/nn\/wp-json\/wp\/v2\/pages\/3\/revisions"}],"predecessor-version":[{"id":4332,"href":"https:\/\/www.invidia-textile.com\/nn\/wp-json\/wp\/v2\/pages\/3\/revisions\/4332"}],"wp:attachment":[{"href":"https:\/\/www.invidia-textile.com\/nn\/wp-json\/wp\/v2\/media?parent=3"}],"curies":[{"name":"wp","href":"https:\/\/api.w.org\/{rel}","templated":true}]}}